{"id":9222,"date":"2022-11-22T18:59:56","date_gmt":"2022-11-22T17:59:56","guid":{"rendered":"https:\/\/clon.terranatur.es\/web\/?post_type=product&#038;p=9222"},"modified":"2022-11-23T10:48:53","modified_gmt":"2022-11-23T09:48:53","slug":"inscripcion-autoruta-4x4-de-una-jornada","status":"publish","type":"product","link":"https:\/\/clon.terranatur.es\/web\/comprar\/inscripcion-autoruta-4x4-de-una-jornada\/","title":{"rendered":"INSCRIPCI\u00d3N AUTORUTA 4X4 DE UNA JORNADA"},"content":{"rendered":"<p>Esta reserva te da derecho a realizar una ruta autoguiada (autoruta 4&#215;4) de una jornada de duraci\u00f3n organizada por Terranatur.<\/p>\n<p>La ruta la realizas por tu cuenta tras recibir instrucciones y el fichero GPX por una videollamada, en la que te explicaremos como instalar el software de orientaci\u00f3n y otros aspectos importantes que tendr\u00e1s que tener en cuenta. Se trata de rutas permitidas hasta un m\u00e1ximo 3 veh\u00edculos.<\/p>\n<p>El pago de esta salida es por cada veh\u00edculo participante, independientemente del n\u00famero de ocupantes, y se realiza por tarjeta o por transferecia.<\/p>\n<p>En el proceso te pediremos informaci\u00f3n sobre quien viene contigo, si traes ni\u00f1os y sus edades, y el veh\u00edculo que llevar\u00e1s.<\/p>\n<p>Muchas gracias por tu inscripci\u00f3n. Estamos encantados de contar con vosotros.<\/p>\n","protected":false},"excerpt":{"rendered":"<p>Reserva de una ruta 4&#215;4 autoguiada de una joranda de duraci\u00f3n. Elige tantas reservas como veh\u00edculos la realizan. Abajo m\u00e1s informaci\u00f3n. <\/p>\n","protected":false},"featured_media":8930,"comment_status":"closed","ping_status":"closed","template":"","meta":[],"product_brand":[],"product_cat":[85],"product_tag":[111,105,90,93,365,369,366,360,117,97,118],"class_list":{"0":"post-9222","1":"product","2":"type-product","3":"status-publish","4":"has-post-thumbnail","6":"product_cat-rutas4x4","7":"product_tag-4x4","8":"product_tag-aventura","9":"product_tag-naturaleza","10":"product_tag-ruta-4x4","11":"product_tag-rutas-4x4-de-un-dia","12":"product_tag-rutas-autoguiadas","13":"product_tag-rutas-todoterreno-una-jornada","14":"product_tag-selfguided","15":"product_tag-sierra-de-gredos","16":"product_tag-todoterreno","17":"product_tag-valle-del-tietar","19":"first","20":"instock","21":"taxable","22":"shipping-taxable","23":"purchasable","24":"product-type-variable"},"_links":{"self":[{"href":"https:\/\/clon.terranatur.es\/web\/wp-json\/wp\/v2\/product\/9222","targetHints":{"allow":["GET"]}}],"collection":[{"href":"https:\/\/clon.terranatur.es\/web\/wp-json\/wp\/v2\/product"}],"about":[{"href":"https:\/\/clon.terranatur.es\/web\/wp-json\/wp\/v2\/types\/product"}],"replies":[{"embeddable":true,"href":"https:\/\/clon.terranatur.es\/web\/wp-json\/wp\/v2\/comments?post=9222"}],"wp:featuredmedia":[{"embeddable":true,"href":"https:\/\/clon.terranatur.es\/web\/wp-json\/wp\/v2\/media\/8930"}],"wp:attachment":[{"href":"https:\/\/clon.terranatur.es\/web\/wp-json\/wp\/v2\/media?parent=9222"}],"wp:term":[{"taxonomy":"product_brand","embeddable":true,"href":"https:\/\/clon.terranatur.es\/web\/wp-json\/wp\/v2\/product_brand?post=9222"},{"taxonomy":"product_cat","embeddable":true,"href":"https:\/\/clon.terranatur.es\/web\/wp-json\/wp\/v2\/product_cat?post=9222"},{"taxonomy":"product_tag","embeddable":true,"href":"https:\/\/clon.terranatur.es\/web\/wp-json\/wp\/v2\/product_tag?post=9222"}],"curies":[{"name":"wp","href":"https:\/\/api.w.org\/{rel}","templated":true}]}}