{"id":6822,"date":"2021-11-06T12:15:27","date_gmt":"2021-11-06T11:15:27","guid":{"rendered":"https:\/\/clon.terranatur.es\/web\/?post_type=product&#038;p=6822"},"modified":"2025-03-27T16:20:17","modified_gmt":"2025-03-27T15:20:17","slug":"reserva-dunas-raid-marruecos","status":"publish","type":"product","link":"https:\/\/clon.terranatur.es\/web\/comprar\/reserva-dunas-raid-marruecos\/","title":{"rendered":"RESERVA DUNAS RAID MARRUECOS"},"content":{"rendered":"<p>Rellenar este formulario permite reservar plazas para participar en la expedici\u00f3n &#8220;Dunas Raid Marruecos 4&#215;4&#8221; para la Semana Santa de 2025, en cualquier modalidad.<\/p>\n<p>Si vienes con tu propio 4&#215;4, es suficiente una \u00fanica reserva por unidad familiar; en el caso de ir con conductor, a\u00f1ade tantas reservas como viajeros.<\/p>\n<p><a href=\"https:\/\/clon.terranatur.es\/web\/dunas-raid-marruecos\/\"><strong>A<\/strong><strong>qu\u00ed puedes ver la p\u00e1gina con toda la informaci\u00f3n sobre DUNAS RAID SEMANA SANTA 2025.<\/strong><\/a><\/p>\n<p>En el proceso de reserva, por favor, incluye en el campo libre de informaci\u00f3n qui\u00e9n viene contigo, si traes ni\u00f1os y sus edades.<\/p>\n<p>Para esta reserva, se aceptan todas las formas de pago salvo en met\u00e1lico.<\/p>\n<p>El viaje se terminar\u00e1 de abonar en otro pago antes de la fecha de salida, y si quieres parte en met\u00e1lico, es posible, pero consulta antes.<\/p>\n<p>Una vez reserves, semanas antes del viaje, contactaremos contigo para darte m\u00e1s detalles y enviarte las rutas.<\/p>\n<p>\u00a1Muchas gracias por tu reserva! Estamos deseando verte en persona.<\/p>\n","protected":false},"excerpt":{"rendered":"<p>Rellenar este formulario permite reservar plazas para participar en la expedici\u00f3n &#8220;Dunas Raid Marruecos 4&#215;4&#8221; para la Semana Santa de 2025, en cualquier modalidad. Si vienes con tu propio 4&#215;4, es suficiente una \u00fanica reserva por unidad familiar; en el caso de ir con conductor, a\u00f1ade tantas reservas como viajeros. Aqu\u00ed puedes ver la p\u00e1gina [&hellip;]<\/p>\n","protected":false},"featured_media":6828,"comment_status":"open","ping_status":"closed","template":"","meta":[],"product_brand":[],"product_cat":[99],"product_tag":[111,105,374,370,371,317,320,321,372,322,327,373,319,326,316,328,323,325,156,318,143,97,324],"class_list":{"0":"post-6822","1":"product","2":"type-product","3":"status-publish","4":"has-post-thumbnail","6":"product_cat-vacaciones-4x4","7":"product_tag-4x4","8":"product_tag-aventura","9":"product_tag-bosque-de-cedros","10":"product_tag-circo-jaffar","11":"product_tag-desierto","12":"product_tag-dunas","13":"product_tag-erfoud","14":"product_tag-erg-chebbi","15":"product_tag-erg-chegaga","16":"product_tag-erg-ouzina","17":"product_tag-fez","18":"product_tag-iriki","19":"product_tag-kasbahs","20":"product_tag-la-momia","21":"product_tag-marruecos","22":"product_tag-medina-de-fez","23":"product_tag-merzouga","24":"product_tag-monumentos-del-aleman","25":"product_tag-paisajes","26":"product_tag-riads","27":"product_tag-rutas-4x4","28":"product_tag-todoterreno","29":"product_tag-xaluca","31":"first","32":"outofstock","33":"taxable","34":"shipping-taxable","35":"purchasable","36":"product-type-variable"},"_links":{"self":[{"href":"https:\/\/clon.terranatur.es\/web\/wp-json\/wp\/v2\/product\/6822","targetHints":{"allow":["GET"]}}],"collection":[{"href":"https:\/\/clon.terranatur.es\/web\/wp-json\/wp\/v2\/product"}],"about":[{"href":"https:\/\/clon.terranatur.es\/web\/wp-json\/wp\/v2\/types\/product"}],"replies":[{"embeddable":true,"href":"https:\/\/clon.terranatur.es\/web\/wp-json\/wp\/v2\/comments?post=6822"}],"wp:featuredmedia":[{"embeddable":true,"href":"https:\/\/clon.terranatur.es\/web\/wp-json\/wp\/v2\/media\/6828"}],"wp:attachment":[{"href":"https:\/\/clon.terranatur.es\/web\/wp-json\/wp\/v2\/media?parent=6822"}],"wp:term":[{"taxonomy":"product_brand","embeddable":true,"href":"https:\/\/clon.terranatur.es\/web\/wp-json\/wp\/v2\/product_brand?post=6822"},{"taxonomy":"product_cat","embeddable":true,"href":"https:\/\/clon.terranatur.es\/web\/wp-json\/wp\/v2\/product_cat?post=6822"},{"taxonomy":"product_tag","embeddable":true,"href":"https:\/\/clon.terranatur.es\/web\/wp-json\/wp\/v2\/product_tag?post=6822"}],"curies":[{"name":"wp","href":"https:\/\/api.w.org\/{rel}","templated":true}]}}