{"id":4585,"date":"2020-12-27T01:16:53","date_gmt":"2020-12-27T00:16:53","guid":{"rendered":"https:\/\/clon.terranatur.es\/web\/?post_type=product&#038;p=4585"},"modified":"2023-11-16T13:46:18","modified_gmt":"2023-11-16T12:46:18","slug":"tarjeta-fin-semana-4x4","status":"publish","type":"product","link":"https:\/\/clon.terranatur.es\/web\/comprar\/tarjeta-fin-semana-4x4\/","title":{"rendered":"Tarjeta Regalo VIAJE 4&#215;4 dos d\u00edas."},"content":{"rendered":"<p><strong>\u00a1Regala un VIAJE de 4&#215;4 y aventura!<\/strong><\/p>\n<p>Aqu\u00ed puedes personalizar una tarjeta &#8211; bono por un <strong>VIAJE 4X4<\/strong> consistente en <strong>dos d\u00edas de turismo rural + dos rutas para dos personas<\/strong>, siempre que tengan un 4&#215;4 propio o deseen alquilar uno (te ayudamos).<\/p>\n<p>Podr\u00e1n elegir una de estas <strong>dos opciones<\/strong>:<\/p>\n<p>1.- <strong>VIAJE\u00a04&#215;4 GRUPAL<\/strong>. Tras la adquisici\u00f3n de esta tarjeta regalo, es posible participar en cualquier fin de semana de los que vamos publicando en nuestra web (organizamos una o dos rutas de fin de semana y puentes al mes) <strong>a lo largo de un a\u00f1o.<\/strong> (Destinos frecuentes: <strong>Las Hurdes<\/strong>, <strong>Cazorla<\/strong>, <strong>Cantabria<\/strong>, <strong>Galicia<\/strong>, <strong>Palencia<\/strong>, <strong>Pirineos<\/strong>, <strong>Burgos<\/strong>&#8230;)<\/p>\n<p>2.- <strong>VIAJE 4&#215;4 AUTOGUIADO<\/strong>. Con posibilidad elegir cualquiera de nuestros destinos para realizar los recorridos por vuestra cuenta, siempre con asesoramiento personalizado.<\/p>\n<p>Zonas disponibles hasta la fecha: <strong>Picos de Europa Cantabria<\/strong>, <strong>Fuentes Carrionas (Palencia)<\/strong>, <strong>Las Hurdes C\u00e1ceres, Los Ancares (Bierzo y Lugo), Cazorla, Sierra Nevada y Guadix (Granada), Marruecos y Portugal<\/strong> de momento. En muchos lugares, tendr\u00e1s apoyo sobre el terreno si te hace falta, y viajar\u00e1s con la seguridad de ir por <strong>pistas legales<\/strong>.<\/p>\n<p><strong>TU REGALO INCLUYE<\/strong>:<\/p>\n<ul>\n<li>Dos rutas 4&#215;4 para dos personas.<\/li>\n<li>Acompa\u00f1amiento de gu\u00edas naturalistas expertos en todoterreno con 4&#215;4 propio (en el formato &#8220;viaje grupal&#8221;) o asesoramiento personalizado v\u00eda Google Meeting antes de la salida (Viaje autoguiado).<\/li>\n<li>2 noches en hoteles rurales muy seleccionados por su calidad y gastronom\u00eda para dos personas.<\/li>\n<li>2 desayunos.<\/li>\n<li>2 cenas t\u00edpicas.<\/li>\n<li>Waypoints y rutas para m\u00f3vil. (\u00a1Para seguir de forma divertida el itinerario en tu propio tel\u00e9fono!)<\/li>\n<li>Explicaciones sobre la naturaleza que vamos a descubrir\u00a0 (ruta grupal) e indicaci\u00f3n de puntos de inter\u00e9s (ruta autoguiada).<\/li>\n<li>Normalmente incluimos tambi\u00e9n visita a alg\u00fan centro de artesan\u00eda o gourmet, actividades para adultos y ni\u00f1os, paseo de senderismo hasta alguna zona de inter\u00e9s (cascada, ruinas, cueva, mirador&#8230;).<\/li>\n<\/ul>\n<p><strong>NECESARIO<\/strong>:<\/p>\n<ul>\n<li>Todoterreno o todocamino con tracci\u00f3n integral (a las 4 ruedas) propio o alquilado.<\/li>\n<\/ul>\n<p><strong>RECOMENDABLE<\/strong>:<\/p>\n<ul>\n<li>Ruedas mixtas (carretera-campo) y emisora CB (banda ciudadana, 27 MHz). Podemos ayudaros<\/li>\n<\/ul>\n<p>Para canjear la tarjeta, simplemente deben contactar con Terranatur a trav\u00e9s de nuestra web y enviarnos el bono regalo en PDF que se genera tras la compra. Se indicar\u00e1n instrucciones detalladas sobre la salida en ese momento.<\/p>\n<p>Puedes contactar en el +34619324101 (Jaime) si tienes alguna duda, o por Whatsapp <strong><a href=\"https:\/\/api.whatsapp.com\/send?phone=+34619324101&amp;text=Por%20favor,%20deseo%20m%C3%A1s%20informaci%C3%B3n%20sobre%20la%20tarjeta%20regalo%20de%20fin%20de%20semana.\" target=\"_blank\" rel=\"noopener\">a trav\u00e9s de este enlace<\/a><\/strong>.<\/p>\n<p>Est\u00e1s haciendo <strong>un regalo muy especial que nunca olvidar\u00e1n.<\/strong> Muchos de nuestros participantes se enganchan para siempre en este tipo de salidas, y viven experiencias \u00fanicas en pareja o en familia. Muchos de los participantes se convierten en grandes amigos salida tras salida. \ud83d\ude09<\/p>\n<p>Con esto aciertas seguro!!!<\/p>\n<p>Ni lo dudes. \ud83d\ude42<\/p>\n<p>Gracias!!!<\/p>\n<p>Si no dispones de 4&#215;4 propio, podemos ayudarte a <strong>alquiler de un 4&#215;4<\/strong>. Ponemos a tu disposici\u00f3n est\u00e1 p\u00e1gina con\u00a0<a href=\"https:\/\/clon.terranatur.es\/web\/alquiler-todoterrenos-4x4\/\">informaci\u00f3n sobre otros modelos<\/a> a precio de agencia Terranatur, desde ah\u00ed puedes solicitar disponibilidad y precio.<\/p>\n<p>\u00bfNo est\u00e1s a\u00fan convencido? <a href=\"https:\/\/es-es.facebook.com\/pg\/Terranatur\/reviews\/\" target=\"_blank\" rel=\"noopener\">Mira lo que se dice de nosotros y nuestras actividades.<\/a><\/p>\n","protected":false},"excerpt":{"rendered":"<p>Tarjeta regalo de VIAJE 4X4 de dos o m\u00e1s d\u00edas. V\u00e1lida durante un a\u00f1o.<\/p>\n","protected":false},"featured_media":4547,"comment_status":"closed","ping_status":"closed","template":"","meta":[],"product_brand":[],"product_cat":[204],"product_tag":[111,382,94,208,209,380,210,104,383,381,205,93,202,97,413],"class_list":{"0":"post-4585","1":"product","2":"type-product","3":"status-publish","4":"has-post-thumbnail","6":"product_cat-tarjetas-regalo-personalizables","7":"product_tag-4x4","8":"product_tag-bono-regalo","9":"product_tag-fin-de-semana-4x4","10":"product_tag-jeep-wrangler","11":"product_tag-land-cruiser","12":"product_tag-land-rover","13":"product_tag-montero","14":"product_tag-offroad","15":"product_tag-regalar-experiencias","16":"product_tag-regalo-especial","17":"product_tag-regalo-original","18":"product_tag-ruta-4x4","19":"product_tag-tarjeta-regalo","20":"product_tag-todoterreno","21":"product_tag-viaje-4x4","23":"first","24":"instock","25":"virtual","26":"taxable","27":"purchasable","28":"product-type-simple"},"_links":{"self":[{"href":"https:\/\/clon.terranatur.es\/web\/wp-json\/wp\/v2\/product\/4585","targetHints":{"allow":["GET"]}}],"collection":[{"href":"https:\/\/clon.terranatur.es\/web\/wp-json\/wp\/v2\/product"}],"about":[{"href":"https:\/\/clon.terranatur.es\/web\/wp-json\/wp\/v2\/types\/product"}],"replies":[{"embeddable":true,"href":"https:\/\/clon.terranatur.es\/web\/wp-json\/wp\/v2\/comments?post=4585"}],"wp:featuredmedia":[{"embeddable":true,"href":"https:\/\/clon.terranatur.es\/web\/wp-json\/wp\/v2\/media\/4547"}],"wp:attachment":[{"href":"https:\/\/clon.terranatur.es\/web\/wp-json\/wp\/v2\/media?parent=4585"}],"wp:term":[{"taxonomy":"product_brand","embeddable":true,"href":"https:\/\/clon.terranatur.es\/web\/wp-json\/wp\/v2\/product_brand?post=4585"},{"taxonomy":"product_cat","embeddable":true,"href":"https:\/\/clon.terranatur.es\/web\/wp-json\/wp\/v2\/product_cat?post=4585"},{"taxonomy":"product_tag","embeddable":true,"href":"https:\/\/clon.terranatur.es\/web\/wp-json\/wp\/v2\/product_tag?post=4585"}],"curies":[{"name":"wp","href":"https:\/\/api.w.org\/{rel}","templated":true}]}}