{"id":4584,"date":"2020-12-27T00:55:47","date_gmt":"2020-12-26T23:55:47","guid":{"rendered":"https:\/\/clon.terranatur.es\/web\/?post_type=product&#038;p=4584"},"modified":"2024-06-07T10:42:36","modified_gmt":"2024-06-07T08:42:36","slug":"tarjeta-regalo-ruta-4x4","status":"publish","type":"product","link":"https:\/\/clon.terranatur.es\/web\/comprar\/tarjeta-regalo-ruta-4x4\/","title":{"rendered":"Tarjeta Regalo Ruta 4&#215;4 (un d\u00eda)"},"content":{"rendered":"<p><strong>Regala una ruta 4&#215;4 de un d\u00eda de duraci\u00f3n para realizar con veh\u00edculo propio <\/strong>(todoterreno o todocamino, pero de tracci\u00f3n en las cuatro ruedas). <strong><br \/>\n<\/strong><\/p>\n<p>Somos los primeros en ofrecer rutas 4&#215;4 respetuosas con la naturaleza para realizar con tu propio 4&#215;4 (o de alquiler), a la par que disfrutas del paisaje, la fauna, la geolog\u00eda, la vegetaci\u00f3n, etc. Nuestras rutas son perfectas para venir con familia o amigos. Explorar\u00e1n y aprender\u00e1n de este mundo de viajes con un componente de aventura.<\/p>\n<p>Esta tarjeta configurable es canjeable para realizar cualquier ruta de un d\u00eda organizada por Terranatur a lo largo de toda una temporada (de septiembre a junio). Las rutas se publican en esta misma web (puedes inscribirte en nuestro bolet\u00edn para estar al tanto). Si no quieres esperar a participar en una ruta organizada y deseas ir por tu cuenta, tambi\u00e9n es posible. Te contamos como.<\/p>\n<p>Podr\u00e9is elegir entre dos formatos:<\/p>\n<ol>\n<li><strong>Rutas 4&#215;4 autoguiadas<\/strong> con veh\u00edculo propio para las que se ofrecen las rutas para hacer por vuestra cuenta con tel\u00e9fono m\u00f3vil o GPS. (Incluye un breve taller online de orientaci\u00f3n y navegaci\u00f3n). Son rutas probadas y <strong>permitidas<\/strong> llenas de alicientes y cosas para hacer por el camino.<\/li>\n<li><strong>Rutas 4&#215;4 grupales<\/strong> con veh\u00edculo propio, en las que se incluye pr\u00e9stamo de walkie, waypoints de ruta, acompa\u00f1amiento de gu\u00edas naturalistas expertos en 4&#215;4. Tambi\u00e9n recibir\u00e1s nociones de orientaci\u00f3n mediante GPS y conducci\u00f3n 4&#215;4.<\/li>\n<\/ol>\n<p>Estas rutas son v\u00e1lidas para realizar con todoterrenos de todas las marcas (Toyota Land Cruiser, Jeep Wrangler, Mitsubishi Montero, Land Rover Discovery, Defender, Range Rover, Dacia Duster, etc&#8230;)<\/p>\n<p>Si no dispones de 4&#215;4 propio, podemos ayudarte a <strong>alquiler de un 4&#215;4<\/strong>. Ponemos a tu disposici\u00f3n nuestra empresa colaboradora para alquilar un 4&#215;4, en esta misma web puedes solicitar <a href=\"https:\/\/clon.terranatur.es\/web\/alquiler-todoterrenos-4x4\/\">informaci\u00f3n sobre los modelos de todoterrenos disponibles<\/a> a precio de agencia Terranatur.<\/p>\n<p>No dudes en buscar <a href=\"https:\/\/es-es.facebook.com\/pg\/Terranatur\/reviews\/\" target=\"_blank\" rel=\"noopener\">nuestras referencias en Internet<\/a>, llevamos 15 a\u00f1os organizando este tipo de salidas.<\/p>\n<p>Estamos encantados de iniciar nuevos aficionados a mundo del 4&#215;4 y la <strong>exploraci\u00f3n de la naturaleza<\/strong>.<\/p>\n<p>Recuerda, esta tarjeta es v\u00e1lida durante una temporada (<strong>1 a\u00f1o<\/strong>) desde su adquisici\u00f3n.<\/p>\n<p>Con este regalo aciertas de lleno. Est\u00e1s regalando una experiencia \u00fanica e inolvidable que siempre te reconocer\u00e1n.<\/p>\n<p>Equipo de Terranatur.<\/p>\n<p>\u00bfNo est\u00e1s a\u00fan convencido? <a href=\"https:\/\/es-es.facebook.com\/pg\/Terranatur\/reviews\/\" target=\"_blank\" rel=\"noopener\">Mira lo que se dice de nosotros y nuestras actividades.<\/a><\/p>\n","protected":false},"excerpt":{"rendered":"<p>Tarjeta regalo personalizable para realizar una ruta 4&#215;4 de un d\u00eda.<\/p>\n","protected":false},"featured_media":4546,"comment_status":"closed","ping_status":"closed","template":"","meta":[],"product_brand":[],"product_cat":[204],"product_tag":[111,104,93],"class_list":{"0":"post-4584","1":"product","2":"type-product","3":"status-publish","4":"has-post-thumbnail","6":"product_cat-tarjetas-regalo-personalizables","7":"product_tag-4x4","8":"product_tag-offroad","9":"product_tag-ruta-4x4","11":"first","12":"instock","13":"virtual","14":"taxable","15":"purchasable","16":"product-type-simple"},"_links":{"self":[{"href":"https:\/\/clon.terranatur.es\/web\/wp-json\/wp\/v2\/product\/4584","targetHints":{"allow":["GET"]}}],"collection":[{"href":"https:\/\/clon.terranatur.es\/web\/wp-json\/wp\/v2\/product"}],"about":[{"href":"https:\/\/clon.terranatur.es\/web\/wp-json\/wp\/v2\/types\/product"}],"replies":[{"embeddable":true,"href":"https:\/\/clon.terranatur.es\/web\/wp-json\/wp\/v2\/comments?post=4584"}],"wp:featuredmedia":[{"embeddable":true,"href":"https:\/\/clon.terranatur.es\/web\/wp-json\/wp\/v2\/media\/4546"}],"wp:attachment":[{"href":"https:\/\/clon.terranatur.es\/web\/wp-json\/wp\/v2\/media?parent=4584"}],"wp:term":[{"taxonomy":"product_brand","embeddable":true,"href":"https:\/\/clon.terranatur.es\/web\/wp-json\/wp\/v2\/product_brand?post=4584"},{"taxonomy":"product_cat","embeddable":true,"href":"https:\/\/clon.terranatur.es\/web\/wp-json\/wp\/v2\/product_cat?post=4584"},{"taxonomy":"product_tag","embeddable":true,"href":"https:\/\/clon.terranatur.es\/web\/wp-json\/wp\/v2\/product_tag?post=4584"}],"curies":[{"name":"wp","href":"https:\/\/api.w.org\/{rel}","templated":true}]}}