{"id":2754,"date":"2020-06-15T23:24:11","date_gmt":"2020-06-15T21:24:11","guid":{"rendered":"https:\/\/clon.terranatur.es\/web\/?post_type=product&#038;p=2754"},"modified":"2025-04-25T23:02:03","modified_gmt":"2025-04-25T21:02:03","slug":"inscripcion-ruta-transgredos","status":"publish","type":"product","link":"https:\/\/clon.terranatur.es\/web\/comprar\/inscripcion-ruta-transgredos\/","title":{"rendered":"INSCRIPCI\u00d3N RUTA 4X4 TRANSGREDOS"},"content":{"rendered":"<p>La adquisici\u00f3n de esta reserva te da derecho a participar en la <strong>Ruta 4&#215;4 Transgredos I o II <\/strong>organizada por Terranatur.<\/p>\n<p><strong><a href=\"https:\/\/clon.terranatur.es\/web\/ruta-4x4-transgredos-i\/\">Aqu\u00ed puedes ver la p\u00e1gina<\/a> <\/strong>con la informaci\u00f3n completa sobre esta actividad.<\/p>\n<p>Es un pago \u00fanico por veh\u00edculo, independientemente de sus ocupantes.<\/p>\n<p>En el proceso de compra te pediremos informaci\u00f3n sobre quien viene contigo, si traes ni\u00f1os y sus edades, y el veh\u00edculo que llevar\u00e1s. Tambi\u00e9n si deseas concertar alojamiento en la zona.<\/p>\n<p>Muchas gracias por tu adquisici\u00f3n. Estamos encantados de contar con vosotros.<\/p>\n","protected":false},"excerpt":{"rendered":"<p>Reserva general &#8211; Ruta 4&#215;4 Transgredos I y II<\/p>\n","protected":false},"featured_media":5717,"comment_status":"closed","ping_status":"closed","template":"","meta":[],"product_brand":[],"product_cat":[85],"product_tag":[111,105,90,93,117,97,118],"class_list":{"0":"post-2754","1":"product","2":"type-product","3":"status-publish","4":"has-post-thumbnail","6":"product_cat-rutas4x4","7":"product_tag-4x4","8":"product_tag-aventura","9":"product_tag-naturaleza","10":"product_tag-ruta-4x4","11":"product_tag-sierra-de-gredos","12":"product_tag-todoterreno","13":"product_tag-valle-del-tietar","15":"first","16":"instock","17":"sold-individually","18":"taxable","19":"shipping-taxable","20":"purchasable","21":"product-type-variable"},"_links":{"self":[{"href":"https:\/\/clon.terranatur.es\/web\/wp-json\/wp\/v2\/product\/2754","targetHints":{"allow":["GET"]}}],"collection":[{"href":"https:\/\/clon.terranatur.es\/web\/wp-json\/wp\/v2\/product"}],"about":[{"href":"https:\/\/clon.terranatur.es\/web\/wp-json\/wp\/v2\/types\/product"}],"replies":[{"embeddable":true,"href":"https:\/\/clon.terranatur.es\/web\/wp-json\/wp\/v2\/comments?post=2754"}],"wp:featuredmedia":[{"embeddable":true,"href":"https:\/\/clon.terranatur.es\/web\/wp-json\/wp\/v2\/media\/5717"}],"wp:attachment":[{"href":"https:\/\/clon.terranatur.es\/web\/wp-json\/wp\/v2\/media?parent=2754"}],"wp:term":[{"taxonomy":"product_brand","embeddable":true,"href":"https:\/\/clon.terranatur.es\/web\/wp-json\/wp\/v2\/product_brand?post=2754"},{"taxonomy":"product_cat","embeddable":true,"href":"https:\/\/clon.terranatur.es\/web\/wp-json\/wp\/v2\/product_cat?post=2754"},{"taxonomy":"product_tag","embeddable":true,"href":"https:\/\/clon.terranatur.es\/web\/wp-json\/wp\/v2\/product_tag?post=2754"}],"curies":[{"name":"wp","href":"https:\/\/api.w.org\/{rel}","templated":true}]}}