{"id":2270,"date":"2020-06-14T21:30:31","date_gmt":"2020-06-14T19:30:31","guid":{"rendered":"https:\/\/clon.terranatur.es\/web\/?page_id=2270"},"modified":"2021-10-30T22:57:13","modified_gmt":"2021-10-30T20:57:13","slug":"ruta-botanica-escorial-silla-felipe-ii-madrid","status":"publish","type":"page","link":"https:\/\/clon.terranatur.es\/web\/ruta-botanica-escorial-silla-felipe-ii-madrid\/","title":{"rendered":"Ruta bot\u00e1nica El Escorial &#8211; Silla de Felipe II"},"content":{"rendered":"<div>SENDERISMO BOT\u00c1NICO EN LA SIERRA DE MADRID<\/div>\n<h1>BOSQUES M\u00c1GICOS EN EL ESCORIAL<\/h1>\n<p>\n    <a href=\"#map\">Desc\u00fabrelos<\/a>\n<\/p>\n<p><img decoding=\"async\" src=\"\/web\/wp-content\/uploads\/2021-06-19-ruta-botanica-42.jpg\" alt=\"\"><\/p>\n<div>\n<h2>DESCUBRE LA NATURALEZA QUE RODEA LA SILLA DE FELIPE II<\/h2>\n<div>\n<h4>PR\u00d3XIMA FECHA: BAJO SOLICITUD. GRUPO M\u00cdNIMO 5 PERSONAS.<\/h4>\n<p>Una ruta conocida y sencilla para caminar pero que, al ir acompa\u00f1ados de un bot\u00e1nico, cambia totalmente al comprender todas las caracter\u00edsticas naturales de los bosques de media monta\u00f1a.<\/p>\n<p>Vas a descubrir decenas de plantas, su importancia y utilidades. Analiza el paisaje y mira con ojos nuevos un entorno que ni te imaginas.<\/p>\n<p>Actividad perfecta para ir solo, con la familia, o en grupo.<\/p>\n<p>Se accede en veh\u00edculo propio o en transporte p\u00fablico (autobuses o tren de cercan\u00edas).<\/p>\n<p>Puedes hacer que sea un regalo diferente y muy especial. Pregunta por nuestras tarjetas regalo personalizables.<\/p>\n<p>\u00a1Bot\u00e1nica accesible!<\/p>\n<div class=\"uk-child-width-1-2 uk-grid-large\" uk-grid=\"\">\n<div class=\"uk-grid-collapse uk-child-width-1-2@s uk-margin-bottom\" uk-grid=\"\">\n<div style=\"max-width: 80px;\"><img decoding=\"async\" src=\"\/web\/wp-content\/uploads\/trans-alps-about-icon-01.svg\" alt=\"\" uk-svg=\"\" \/><\/div>\n<div class=\"uk-flex uk-flex-center uk-flex-middle\" style=\"max-width: 80px;\">\n<div class=\"uk-h6\">6 km<\/div>\n<\/div>\n<\/div>\n<div class=\"uk-grid-collapse uk-child-width-1-2@s uk-margin-bottom\" uk-grid=\"\">\n<div style=\"max-width: 80px;\"><img decoding=\"async\" src=\"\/web\/wp-content\/uploads\/trans-alps-about-icon-02.svg\" alt=\"\" uk-svg=\"\" \/><\/div>\n<div class=\"uk-flex uk-flex-center uk-flex-middle\" style=\"max-width: 80px;\">\n<div class=\"uk-h6\">De 10:10 a 14 horas<\/div>\n<\/div>\n<\/div>\n<div class=\"uk-grid-collapse uk-child-width-1-2@s uk-margin-bottom\" uk-grid=\"\">\n<div style=\"max-width: 80px;\"><img decoding=\"async\" src=\"\/web\/wp-content\/uploads\/trans-alps-about-icon-03.svg\" alt=\"\" uk-svg=\"\" \/><\/div>\n<div class=\"uk-flex uk-flex-center uk-flex-middle\" style=\"max-width: 80px;\">\n<div class=\"uk-h6\">Colina<\/div>\n<\/div>\n<\/div>\n<div class=\"uk-grid-collapse uk-child-width-1-2@s uk-margin-bottom\" uk-grid=\"\">\n<div style=\"max-width: 80px;\"><img decoding=\"async\" src=\"\/web\/wp-content\/uploads\/trans-alps-about-icon-04.svg\" alt=\"\" uk-svg=\"\" \/><\/div>\n<div class=\"uk-flex uk-flex-center uk-flex-middle\" style=\"max-width: 80px;\">\n<div class=\"uk-h6\">F\u00e1cil<\/div>\n<\/div>\n<\/div>\n<\/div>\n<\/div>\n<\/div>\n<ul>\n<li>\n<p>        <img decoding=\"async\" src=\"\/web\/wp-content\/uploads\/2021-06-19-ruta-botanica-02.jpg\" alt=\"\"><\/p>\n<\/li>\n<li>\n<p>        <img decoding=\"async\" src=\"\/web\/wp-content\/uploads\/2021-06-19-ruta-botanica-16.jpg\" alt=\"\"><\/p>\n<\/li>\n<li>\n<p>        <img decoding=\"async\" src=\"\/web\/wp-content\/uploads\/2021-06-19-ruta-botanica-04.jpg\" alt=\"\"><\/p>\n<\/li>\n<li>\n<p>        <img decoding=\"async\" src=\"\/web\/wp-content\/uploads\/2021-06-19-ruta-botanica-20.jpg\" alt=\"\"><\/p>\n<\/li>\n<li>\n<p>        <img decoding=\"async\" src=\"\/web\/wp-content\/uploads\/2021-06-19-ruta-botanica-31.jpg\" alt=\"\"><\/p>\n<\/li>\n<li>\n<p>        <img decoding=\"async\" src=\"\/web\/wp-content\/uploads\/2021-06-19-ruta-botanica-46.jpg\" alt=\"\"><\/p>\n<\/li>\n<\/ul>\n<div>Bot\u00e1nica en movimiento<\/div>\n<h2>\u00bfen qu\u00e9 consiste?<\/h2>\n<div>\n<p>A diferencia de las rutas convencionales de senderismo, te ofrecemos agradables paseos acompa\u00f1ados por una bi\u00f3loga doctora en bot\u00e1nica con la que podr\u00e1s identificar \u00e1rboles, arbustos, flores, frutos, l\u00edquenes, musgos; y aprender el papel fundamental que tienen las plantas en el paisaje y nuestras vidas.<\/p>\n<\/div>\n<blockquote>\n<p>&#8220;No se trata de correr, sino de observar y descubrir el mundo natural&#8221;<\/p>\n<footer>\n<p>                <cite>El equipo Terranatur<\/cite><\/p>\n<\/footer>\n<\/blockquote>\n<div>UNA RUTA BOT\u00c1NICA ACCESIBLE<\/div>\n<p><img decoding=\"async\" src=\"\/web\/wp-content\/uploads\/2021-06-19-ruta-botanica-15.jpg\" alt=\"\"><\/p>\n<h3>DATOS PR\u00c1CTICOS<\/h3>\n<div>\n<h4>PRECIO DE LA ACTIVIDAD:<\/h4>\n<ul>\n<li>Adultos (de 12 a\u00f1os en adelante): 36 \u20ac (IVA incluido)<\/li>\n<li>2 ni\u00f1os (hasta 12 a\u00f1os) acompa\u00f1antes por adulto: gratis<\/li>\n<\/ul>\n<\/div>\n<ul>\n<li>\n<h3>\u00bfQue incluye?<\/h3>\n<div>\n<ul>\n<li>Explicaciones por una bi\u00f3loga, doctora en bot\u00e1nica.<\/li>\n<li>Dossier digital sobre la actividad.<\/li>\n<li>Pr\u00e1ctica de macrofotograf\u00eda con tu m\u00f3vil.<\/li>\n<li>Env\u00edo de foto de grupo.<\/li>\n<li>Seguro de responsabilidad civil.<\/li>\n<\/ul>\n<\/div>\n<\/li>\n<li>\n<h3>\u00bfQue te recomendamos llevar?<\/h3>\n<div>\n<p>Seg\u00fan la \u00e9poca del a\u00f1o:<\/p>\n<ul>\n<li>Imprescindible botas de monta\u00f1a o zapatillas de trekking.<\/li>\n<li>Ropa adecuada, sin olvidar el chubasquero, la crema del sol y el gorro.<\/li>\n<li>M\u00f3vil y c\u00e1mara de fotos.<\/li>\n<li>Prism\u00e1ticos.<\/li>\n<li>Cuaderno y l\u00e1piz.<\/li>\n<li>Agua y algo para almorzar a media ma\u00f1ana.<\/li>\n<\/ul>\n<\/div>\n<\/li>\n<\/ul>\n<p>\n    <a href=\"https:\/\/api.whatsapp.com\/send?phone=++34619324101&#038;text=Deseo%20reservar%20una%20actividad%20de%20bot%C3%A1nica%20viva\">SOLICITAR FECHA<\/a>\n<\/p>\n<p><!--more--><br \/>\n<!-- {\"name\":\"\",\"type\":\"layout\",\"children\":[{\"name\":\"Hero\",\"type\":\"section\",\"props\":{\"style\":\"default\",\"width\":\"large\",\"vertical_align\":\"middle\",\"title_position\":\"top-left\",\"title_rotation\":\"left\",\"title_breakpoint\":\"xl\",\"image_position\":\"top-center\",\"height\":\"full\",\"padding\":\"large\",\"image\":\"wp-content\\\/uploads\\\/2021-06-19-ruta-botanica-32.jpg\",\"text_color\":\"light\",\"image_size\":\"cover\",\"image_effect\":\"parallax\",\"image_width\":\"2560\",\"overlap\":true,\"image_parallax_breakpoint\":\"m\",\"image_parallax_bgy_start\":\"-200\",\"title\":\"Ruta botanica El Escorial\"},\"children\":[{\"name\":\"\",\"type\":\"row\",\"children\":[{\"name\":\"\",\"type\":\"column\",\"props\":{\"image_position\":\"center-center\",\"media_overlay_gradient\":\"\",\"width_medium\":\"1-1\"},\"children\":[{\"name\":\"\",\"type\":\"headline\",\"props\":{\"title_element\":\"div\",\"title_style\":\"h3\",\"title_color\":\"background\",\"content\":\"SENDERISMO BOT\\u00c1NICO EN LA SIERRA DE MADRID\"}},{\"name\":\"\",\"type\":\"headline\",\"props\":{\"title_element\":\"h1\",\"title_style\":\"heading-xlarge\",\"maxwidth\":\"2xlarge\",\"content\":\"BOSQUES M\\u00c1GICOS EN EL ESCORIAL\",\"margin_remove_top\":true}},{\"name\":\"\",\"type\":\"text\",\"props\":{\"margin\":\"remove-vertical\",\"column_breakpoint\":\"m\",\"text_style\":\"lead\",\"text_color\":\"danger\",\"maxwidth\":\"large\",\"content\":\"\"}},{\"name\":\"\",\"type\":\"button\",\"props\":{\"margin\":\"default\",\"grid_column_gap\":\"small\",\"grid_row_gap\":\"small\"},\"children\":[{\"name\":\"\",\"type\":\"button_item\",\"props\":{\"button_style\":\"text\",\"icon_align\":\"left\",\"content\":\"Desc\\u00fabrelos\",\"link\":\"#map\"}}]}]}]}]},{\"name\":\"CAJA FOTO + LETRERO SOMBREIMPRESO\",\"type\":\"section\",\"props\":{\"style\":\"default\",\"width\":\"xlarge\",\"vertical_align\":\"middle\",\"title_position\":\"center-right\",\"title_rotation\":\"left\",\"title_breakpoint\":\"xl\",\"image_position\":\"center-center\",\"padding\":\"none\",\"overlap\":false,\"title\":\"Domina tu moto de trail\",\"padding_remove_bottom\":false,\"padding_remove_top\":false},\"children\":[{\"name\":\"\",\"type\":\"row\",\"props\":{\"layout\":\"1-2,1-2\",\"match\":true,\"column_gap\":\"collapse\",\"row_gap\":\"collapse\"},\"children\":[{\"name\":\"\",\"type\":\"column\",\"props\":{\"image_position\":\"center-center\",\"vertical_align\":\"middle\",\"media_overlay_gradient\":\"\",\"width_medium\":\"1-2\"},\"children\":[{\"name\":\"\",\"type\":\"image\",\"props\":{\"margin\":\"default\",\"text_align\":\"right\",\"maxwidth\":\"xlarge\",\"animation\":\"parallax\",\"visibility\":\"m\",\"image\":\"wp-content\\\/uploads\\\/2021-06-19-ruta-botanica-42.jpg\",\"image_width\":\"600\",\"parallax_breakpoint\":\"m\",\"parallax_y_end\":\"-240\",\"parallax_y_start\":\"-100\",\"image_box_decoration\":\"default\",\"image_svg_color\":\"emphasis\",\"block_align\":\"right\"}}]},{\"name\":\"\",\"type\":\"column\",\"props\":{\"image_position\":\"center-center\",\"media_overlay_gradient\":\"\",\"width_medium\":\"1-2\"},\"children\":[{\"name\":\"\",\"type\":\"panel\",\"props\":{\"link_text\":\"Read more\",\"title_element\":\"h2\",\"meta_style\":\"meta\",\"meta_align\":\"below-title\",\"image_align\":\"top\",\"image_grid_width\":\"1-2\",\"link_style\":\"default\",\"margin\":\"\",\"panel_style\":\"card-default\",\"panel_size\":\"large\",\"title_style\":\"h1\",\"text_align\":\"left\",\"maxwidth\":\"xlarge\",\"maxwidth_breakpoint\":\"l\",\"animation\":\"parallax\",\"title\":\"DESCUBRE LA NATURALEZA QUE RODEA LA SILLA DE FELIPE II\",\"content\":\"\n\n<h4>PR\\u00d3XIMA FECHA: BAJO SOLICITUD. GRUPO M\\u00cdNIMO 5 PERSONAS.<\\\/h4>\\n\n\n<p>Una ruta conocida y sencilla para caminar pero que, al ir acompa\\u00f1ados de un bot\\u00e1nico, cambia totalmente al comprender todas las caracter\\u00edsticas naturales de los bosques de media monta\\u00f1a.<\\\/p>\\n\n\n<p>Vas a descubrir decenas de plantas, su importancia y utilidades. Analiza el paisaje y mira con ojos nuevos un entorno que ni te imaginas.<\\\/p>\\n\n\n<p>Actividad perfecta para ir solo, con la familia, o en grupo.<\\\/p>\\n\n\n<p>Se accede en veh\\u00edculo propio o en transporte p\\u00fablico (autobuses o tren de cercan\\u00edas).<\\\/p>\\n\n\n<p>Puedes hacer que sea un regalo diferente y muy especial. Pregunta por nuestras tarjetas regalo personalizables.<br \\\/><br \\\/>\\u00a1Bot\\u00e1nica accesible!<\\\/p>\\n\n\n<div class=\\\"uk-child-width-1-2 uk-grid-large\\\" uk-grid=\\\"\\\">\\n\n\n<div class=\\\"uk-grid-collapse uk-child-width-1-2@s uk-margin-bottom\\\" uk-grid=\\\"\\\">\\n\n\n<div style=\\\"max-width: 80px;\\\"><img src=\\\"wp-content\\\/uploads\\\/trans-alps-about-icon-01.svg\\\" alt=\\\"\\\" uk-svg=\\\"\\\" \\\/><\\\/div>\\n\n\n<div class=\\\"uk-flex uk-flex-center uk-flex-middle\\\" style=\\\"max-width: 80px;\\\">\\n\n\n<div class=\\\"uk-h6\\\">6 km<\\\/div>\\n<\\\/div>\\n<\\\/div>\\n\n\n<div class=\\\"uk-grid-collapse uk-child-width-1-2@s uk-margin-bottom\\\" uk-grid=\\\"\\\">\\n\n\n<div style=\\\"max-width: 80px;\\\"><img src=\\\"wp-content\\\/uploads\\\/trans-alps-about-icon-02.svg\\\" alt=\\\"\\\" uk-svg=\\\"\\\" \\\/><\\\/div>\\n\n\n<div class=\\\"uk-flex uk-flex-center uk-flex-middle\\\" style=\\\"max-width: 80px;\\\">\\n\n\n<div class=\\\"uk-h6\\\">De 10:10 a 14 horas<\\\/div>\\n<\\\/div>\\n<\\\/div>\\n\n\n<div class=\\\"uk-grid-collapse uk-child-width-1-2@s uk-margin-bottom\\\" uk-grid=\\\"\\\">\\n\n\n<div style=\\\"max-width: 80px;\\\"><img src=\\\"wp-content\\\/uploads\\\/trans-alps-about-icon-03.svg\\\" alt=\\\"\\\" uk-svg=\\\"\\\" \\\/><\\\/div>\\n\n\n<div class=\\\"uk-flex uk-flex-center uk-flex-middle\\\" style=\\\"max-width: 80px;\\\">\\n\n\n<div class=\\\"uk-h6\\\">Colina<\\\/div>\\n<\\\/div>\\n<\\\/div>\\n\n\n<div class=\\\"uk-grid-collapse uk-child-width-1-2@s uk-margin-bottom\\\" uk-grid=\\\"\\\">\\n\n\n<div style=\\\"max-width: 80px;\\\"><img src=\\\"wp-content\\\/uploads\\\/trans-alps-about-icon-04.svg\\\" alt=\\\"\\\" uk-svg=\\\"\\\" \\\/><\\\/div>\\n\n\n<div class=\\\"uk-flex uk-flex-center uk-flex-middle\\\" style=\\\"max-width: 80px;\\\">\\n\n\n<div class=\\\"uk-h6\\\">F\\u00e1cil<\\\/div>\\n<\\\/div>\\n<\\\/div>\\n<\\\/div>\",\"parallax_breakpoint\":\"m\",\"parallax_y_start\":\"-200\",\"title_align\":\"top\",\"title_grid_width\":\"1-2\",\"image_svg_color\":\"emphasis\",\"title_hover_style\":\"reset\",\"position\":\"relative\",\"position_left\":\"-50\",\"css\":\"@media (max-width: 959px) {\\n    .el-element { position: static !important; }\\n}\",\"title_grid_breakpoint\":\"m\",\"image_grid_breakpoint\":\"m\",\"meta\":\"\",\"icon_width\":80,\"meta_element\":\"div\",\"content_column_breakpoint\":\"m\"}}]}]}]},{\"name\":\"Highlights\",\"type\":\"section\",\"props\":{\"style\":\"default\",\"width\":\"xlarge\",\"vertical_align\":\"middle\",\"title_position\":\"center-left\",\"title_rotation\":\"left\",\"title_breakpoint\":\"xl\",\"image_position\":\"center-center\",\"padding\":\"large\",\"title\":\"Rutas & aventura\",\"padding_remove_bottom\":false,\"padding_remove_top\":false,\"width_expand\":\"right\"},\"children\":[{\"name\":\"\",\"type\":\"row\",\"props\":{\"layout\":\"1-2,1-2\",\"column_gap\":\"large\",\"row_gap\":\"large\"},\"children\":[{\"name\":\"\",\"type\":\"column\",\"props\":{\"image_position\":\"center-center\",\"vertical_align\":\"middle\",\"media_overlay_gradient\":\"\",\"width_large\":\"1-2\"},\"children\":[{\"name\":\"\",\"type\":\"slideshow\",\"props\":{\"show_title\":true,\"show_meta\":true,\"show_content\":true,\"show_link\":true,\"show_thumbnail\":true,\"slideshow_min_height\":300,\"slideshow_autoplay_pause\":true,\"nav\":\"\",\"nav_position\":\"bottom-center\",\"nav_position_margin\":\"large\",\"nav_align\":\"center\",\"nav_breakpoint\":\"\",\"thumbnav_width\":\"100\",\"thumbnav_height\":\"65\",\"slidenav\":\"\",\"slidenav_margin\":\"medium\",\"slidenav_breakpoint\":\"s\",\"slidenav_outside_breakpoint\":\"xl\",\"overlay_position\":\"center-left\",\"overlay_animation\":\"parallax\",\"title_element\":\"h3\",\"meta_style\":\"meta\",\"meta_align\":\"below-title\",\"link_text\":\"Read more\",\"link_style\":\"default\",\"margin\":\"default\",\"slideshow_height\":\"\",\"slideshow_box_shadow\":\"\",\"slideshow_animation\":\"fade\",\"slideshow_kenburns\":\"\",\"nav_color\":\"\",\"slidenav_outside_color\":\"\",\"overlay_container\":\"\",\"overlay_container_padding\":\"\",\"overlay_width\":\"\",\"animation\":\"parallax\",\"image_width\":\"1250\",\"slideshow_ratio\":\"16:11\",\"slideshow_box_decoration\":\"mask\",\"container_padding_remove\":true,\"thumbnav_nowrap\":true,\"parallax_breakpoint\":\"m\",\"parallax_y_start\":\"50\",\"parallax_y_end\":\"-150\",\"thumbnav_svg_color\":\"emphasis\",\"nav_margin\":\"\",\"slideshow_autoplay\":true,\"slideshow_autoplay_interval\":\"3\",\"meta_element\":\"div\"},\"children\":[{\"name\":\"\",\"type\":\"slideshow_item\",\"props\":{\"title\":\"\",\"image\":\"wp-content\\\/uploads\\\/2021-06-19-ruta-botanica-02.jpg\",\"thumbnail\":\"wp-content\\\/uploads\\\/trans-alps-highlights-slideshow-01-thumb.jpg\"}},{\"name\":\"\",\"type\":\"slideshow_item\",\"props\":{\"title\":\"\",\"image\":\"wp-content\\\/uploads\\\/2021-06-19-ruta-botanica-16.jpg\",\"thumbnail\":\"wp-content\\\/uploads\\\/trans-alps-highlights-slideshow-02-thumb.jpg\"}},{\"name\":\"\",\"type\":\"slideshow_item\",\"props\":{\"title\":\"\",\"image\":\"wp-content\\\/uploads\\\/2021-06-19-ruta-botanica-04.jpg\",\"thumbnail\":\"wp-content\\\/uploads\\\/trans-alps-highlights-slideshow-03-thumb.jpg\"}},{\"type\":\"slideshow_item\",\"props\":{\"image\":\"wp-content\\\/uploads\\\/2021-06-19-ruta-botanica-20.jpg\"}},{\"type\":\"slideshow_item\",\"props\":{\"image\":\"wp-content\\\/uploads\\\/2021-06-19-ruta-botanica-31.jpg\"}},{\"type\":\"slideshow_item\",\"props\":{\"image\":\"wp-content\\\/uploads\\\/2021-06-19-ruta-botanica-46.jpg\"}}]}]},{\"name\":\"\",\"type\":\"column\",\"props\":{\"image_position\":\"center-center\",\"vertical_align\":\"middle\",\"media_overlay_gradient\":\"\",\"width_large\":\"1-2\",\"order_first\":\"l\"},\"children\":[{\"name\":\"\",\"type\":\"headline\",\"props\":{\"title_element\":\"div\",\"title_style\":\"h4\",\"title_color\":\"primary\",\"maxwidth\":\"xlarge\",\"maxwidth_breakpoint\":\"l\",\"animation\":\"parallax\",\"content\":\"Bot\\u00e1nica en movimiento\",\"parallax_breakpoint\":\"m\",\"parallax_y_start\":\"50\",\"parallax_y_end\":\"-150\",\"block_align\":\"center\"}},{\"name\":\"\",\"type\":\"headline\",\"props\":{\"title_element\":\"h2\",\"title_style\":\"heading-large\",\"maxwidth\":\"xlarge\",\"maxwidth_breakpoint\":\"l\",\"animation\":\"parallax\",\"content\":\"\\u00bfen qu\\u00e9 consiste?\",\"margin_remove_top\":true,\"parallax_breakpoint\":\"m\",\"parallax_y_start\":\"50\",\"parallax_y_end\":\"-150\",\"block_align\":\"center\"}},{\"name\":\"\",\"type\":\"text\",\"props\":{\"margin\":\"medium\",\"column_breakpoint\":\"m\",\"maxwidth\":\"xlarge\",\"maxwidth_breakpoint\":\"l\",\"animation\":\"parallax\",\"content\":\"\n\n<p>A diferencia de las rutas convencionales de senderismo, te ofrecemos agradables paseos acompa\\u00f1ados por una bi\\u00f3loga doctora en bot\\u00e1nica con la que podr\\u00e1s identificar \\u00e1rboles, arbustos, flores, frutos, l\\u00edquenes, musgos; y aprender el papel fundamental que tienen las plantas en el paisaje y nuestras vidas.<\\\/p>\",\"parallax_breakpoint\":\"m\",\"parallax_y_start\":\"50\",\"parallax_y_end\":\"-150\",\"block_align\":\"center\"}},{\"name\":\"\",\"type\":\"quotation\",\"props\":{\"maxwidth\":\"xlarge\",\"maxwidth_breakpoint\":\"l\",\"animation\":\"parallax\",\"content\":\"\n\n<p>\\\"No se trata de correr, sino de observar y descubrir el mundo natural\\\"<\\\/p>\",\"footer\":\"\",\"parallax_breakpoint\":\"m\",\"parallax_y_start\":\"50\",\"parallax_y_end\":\"-150\",\"block_align\":\"center\",\"author\":\"El equipo Terranatur\"}}]}]}]},{\"name\":\"Map\",\"type\":\"section\",\"props\":{\"style\":\"default\",\"width\":\"\",\"vertical_align\":\"middle\",\"title_position\":\"top-left\",\"title_rotation\":\"left\",\"title_breakpoint\":\"xl\",\"image_position\":\"center-center\",\"padding_remove_top\":false,\"padding_remove_bottom\":true,\"overlap\":false,\"id\":\"map\"},\"children\":[{\"name\":\"\",\"type\":\"row\",\"props\":{\"width\":\"large\",\"margin\":\"remove-vertical\"},\"children\":[{\"name\":\"\",\"type\":\"column\",\"props\":{\"image_position\":\"center-center\",\"css\":\"@media (min-width: 960px) {\\n    \\n    .el-column { z-index: 2; }\\n    \\n}\",\"media_overlay_gradient\":\"\",\"width_medium\":\"1-1\"},\"children\":[{\"name\":\"\",\"type\":\"headline\",\"props\":{\"title_element\":\"div\",\"title_style\":\"h4\",\"title_color\":\"primary\",\"text_align\":\"center\",\"content\":\"UNA RUTA BOT\\u00c1NICA ACCESIBLE\"}}]}]},{\"name\":\"\",\"type\":\"row\",\"props\":{\"margin\":\"default\",\"margin_remove_bottom\":false},\"children\":[{\"name\":\"\",\"type\":\"column\",\"props\":{\"image_position\":\"center-center\",\"media_overlay_gradient\":\"\",\"width_medium\":\"1-1\"},\"children\":[]}]}]},{\"name\":\"Journal\",\"type\":\"section\",\"props\":{\"style\":\"default\",\"width\":\"xlarge\",\"vertical_align\":\"middle\",\"title_position\":\"top-left\",\"title_rotation\":\"left\",\"title_breakpoint\":\"xl\",\"image_position\":\"center-center\",\"padding\":\"none\",\"width_expand_left\":true,\"width_expand_padding_remove\":true,\"width_expand\":\"left\"},\"children\":[{\"name\":\"\",\"type\":\"row\",\"props\":{\"layout\":\"1-2,1-2\",\"divider\":false},\"children\":[{\"name\":\"\",\"type\":\"column\",\"props\":{\"image_position\":\"center-center\",\"media_overlay_gradient\":\"\",\"width_large\":\"1-2\"},\"children\":[{\"name\":\"\",\"type\":\"image\",\"props\":{\"margin\":\"default\",\"animation\":\"parallax\",\"image\":\"wp-content\\\/uploads\\\/2021-06-19-ruta-botanica-15.jpg\",\"image_width\":\"1250\",\"container_padding_remove\":true,\"image_box_decoration\":\"mask\",\"parallax_breakpoint\":\"m\",\"parallax_y_start\":\"50\",\"parallax_y_end\":\"-150\",\"image_svg_color\":\"emphasis\"}}]},{\"name\":\"\",\"type\":\"column\",\"props\":{\"image_position\":\"center-center\",\"vertical_align\":\"middle\",\"media_overlay_gradient\":\"\",\"width_large\":\"1-2\"},\"children\":[{\"name\":\"\",\"type\":\"headline\",\"props\":{\"title_element\":\"h3\",\"title_style\":\"h1\",\"maxwidth\":\"xlarge\",\"maxwidth_breakpoint\":\"l\",\"animation\":\"parallax\",\"content\":\"DATOS PR\\u00c1CTICOS\",\"parallax_breakpoint\":\"m\",\"parallax_y_start\":\"50\",\"parallax_y_end\":\"-150\",\"block_align\":\"center\"}},{\"name\":\"\",\"type\":\"text\",\"props\":{\"margin\":\"medium\",\"column_breakpoint\":\"m\",\"maxwidth\":\"xlarge\",\"maxwidth_breakpoint\":\"l\",\"animation\":\"parallax\",\"content\":\"\n\n<h4>PRECIO DE LA ACTIVIDAD:<\\\/h4>\\n\n\n<ul>\\n\n\n<li>Adultos (de 12 a\\u00f1os en adelante): 36 \\u20ac (IVA incluido)<\\\/li>\\n\n\n<li>2 ni\\u00f1os (hasta 12 a\\u00f1os) acompa\\u00f1antes por adulto: gratis<\\\/li>\\n<\\\/ul>\",\"parallax_breakpoint\":\"m\",\"parallax_y_start\":\"50\",\"parallax_y_end\":\"-150\",\"block_align\":\"center\"}},{\"type\":\"accordion\",\"props\":{\"show_image\":true,\"show_link\":true,\"collapsible\":true,\"image_svg_color\":\"emphasis\",\"image_align\":\"top\",\"image_grid_width\":\"1-2\",\"image_grid_breakpoint\":\"m\",\"link_text\":\"Read more\",\"link_style\":\"default\",\"content_column_breakpoint\":\"m\"},\"children\":[{\"type\":\"accordion_item\",\"props\":{\"title\":\"\\u00bfQue incluye?\",\"content\":\"\n\n<ul>\\n\n\n<li>Explicaciones por una bi\\u00f3loga, doctora en bot\\u00e1nica.<\\\/li>\\n\n\n<li>Dossier digital sobre la actividad.<\\\/li>\\n\n\n<li>Pr\\u00e1ctica de macrofotograf\\u00eda con tu m\\u00f3vil.<\\\/li>\\n\n\n<li>Env\\u00edo de foto de grupo.<\\\/li>\\n\n\n<li>Seguro de responsabilidad civil.<\\\/li>\\n<\\\/ul>\"}},{\"type\":\"accordion_item\",\"props\":{\"title\":\"\\u00bfQue te recomendamos llevar?\",\"content\":\"\n\n<p>Seg\\u00fan la \\u00e9poca del a\\u00f1o:<\\\/p>\\n\n\n<ul>\\n\n\n<li>Imprescindible botas de monta\\u00f1a o zapatillas de trekking.<\\\/li>\\n\n\n<li>Ropa adecuada, sin olvidar el chubasquero, la crema del sol y el gorro.<\\\/li>\\n\n\n<li>M\\u00f3vil y c\\u00e1mara de fotos.<\\\/li>\\n\n\n<li>Prism\\u00e1ticos.<\\\/li>\\n\n\n<li>Cuaderno y l\\u00e1piz.<\\\/li>\\n\n\n<li>Agua y algo para almorzar a media ma\\u00f1ana.<\\\/li>\\n<\\\/ul>\"}}]}]}]}]},{\"type\":\"section\",\"props\":{\"style\":\"default\",\"width\":\"default\",\"vertical_align\":\"middle\",\"title_position\":\"top-left\",\"title_rotation\":\"left\",\"title_breakpoint\":\"xl\",\"image_position\":\"center-center\"},\"children\":[{\"type\":\"row\",\"children\":[{\"type\":\"column\",\"props\":{\"image_position\":\"center-center\",\"media_overlay_gradient\":\"\",\"width_medium\":\"1-1\"},\"children\":[{\"type\":\"button\",\"props\":{\"grid_column_gap\":\"small\",\"grid_row_gap\":\"small\",\"margin\":\"default\",\"button_size\":\"large\",\"position\":\"relative\",\"maxwidth\":\"medium\",\"text_align\":\"center\"},\"children\":[{\"type\":\"button_item\",\"props\":{\"button_style\":\"default\",\"icon_align\":\"left\",\"content\":\"SOLICITAR FECHA\",\"link\":\"https:\\\/\\\/api.whatsapp.com\\\/send?phone=++34619324101&text=Deseo%20reservar%20una%20actividad%20de%20bot%C3%A1nica%20viva\"}}]}]}]}]}],\"version\":\"2.6.9\"} --><\/p>\n","protected":false},"excerpt":{"rendered":"<p>SENDERISMO BOT\u00c1NICO EN LA SIERRA DE MADRID BOSQUES M\u00c1GICOS EN EL ESCORIAL Desc\u00fabrelos DESCUBRE LA NATURALEZA QUE RODEA LA SILLA DE FELIPE II PR\u00d3XIMA FECHA: BAJO SOLICITUD. GRUPO M\u00cdNIMO 5 PERSONAS. Una ruta conocida y sencilla para caminar pero que, al ir acompa\u00f1ados de un bot\u00e1nico, cambia totalmente al comprender todas las caracter\u00edsticas naturales de [&hellip;]<\/p>\n","protected":false},"author":1,"featured_media":0,"parent":0,"menu_order":4,"comment_status":"closed","ping_status":"closed","template":"","meta":{"footnotes":""},"class_list":["post-2270","page","type-page","status-publish","hentry"],"_links":{"self":[{"href":"https:\/\/clon.terranatur.es\/web\/wp-json\/wp\/v2\/pages\/2270","targetHints":{"allow":["GET"]}}],"collection":[{"href":"https:\/\/clon.terranatur.es\/web\/wp-json\/wp\/v2\/pages"}],"about":[{"href":"https:\/\/clon.terranatur.es\/web\/wp-json\/wp\/v2\/types\/page"}],"author":[{"embeddable":true,"href":"https:\/\/clon.terranatur.es\/web\/wp-json\/wp\/v2\/users\/1"}],"replies":[{"embeddable":true,"href":"https:\/\/clon.terranatur.es\/web\/wp-json\/wp\/v2\/comments?post=2270"}],"version-history":[{"count":0,"href":"https:\/\/clon.terranatur.es\/web\/wp-json\/wp\/v2\/pages\/2270\/revisions"}],"wp:attachment":[{"href":"https:\/\/clon.terranatur.es\/web\/wp-json\/wp\/v2\/media?parent=2270"}],"curies":[{"name":"wp","href":"https:\/\/api.w.org\/{rel}","templated":true}]}}