{"id":2227,"date":"2020-06-02T10:15:05","date_gmt":"2020-06-02T08:15:05","guid":{"rendered":"https:\/\/clon.terranatur.es\/web\/?page_id=2227"},"modified":"2023-09-25T11:25:08","modified_gmt":"2023-09-25T09:25:08","slug":"teambuilding-empresas","status":"publish","type":"page","link":"https:\/\/clon.terranatur.es\/web\/teambuilding-empresas\/","title":{"rendered":"Tu encuentro de empresa en plena naturaleza"},"content":{"rendered":"<div>offsites &amp; activities<\/div>\n<h1>\n<p>HACIENDO EQUIPO<\/p>\n<\/h1>\n<p>\n    <a href=\"#map\">Workshops in NATURE<\/a>\n<\/p>\n<ul>\n<li>\n<p>        <img decoding=\"async\" src=\"\/web\/wp-content\/uploads\/actividades-empresa-02.jpg\" alt=\"Actividades de empresa con Terranatur\"><\/p>\n<h3>Nos vamos de aventura<\/h3>\n<\/li>\n<li>\n<p>        <img decoding=\"async\" src=\"\/web\/wp-content\/uploads\/actividades-empresa-13.jpg\" alt=\"Actividades de empresa con Terranatur\"><\/p>\n<h3>Actividades de empresa con Terranatur<\/h3>\n<\/li>\n<li>\n<p>        <img decoding=\"async\" src=\"\/web\/wp-content\/uploads\/actividades-empresa-01.jpg\" alt=\"Actividades de empresa con Terranatur\"><\/p>\n<\/li>\n<li>\n<p>        <img decoding=\"async\" src=\"\/web\/wp-content\/uploads\/cantabria4x4-web-1200-27.jpg\" alt=\"Por el Pico Jano en Cantabria\"><\/p>\n<\/li>\n<li>\n<p>        <img decoding=\"async\" src=\"\/web\/wp-content\/uploads\/actividades-empresa-03.jpg\" alt=\"Actividades de empresa con Terranatur\"><\/p>\n<\/li>\n<li>\n<p>        <img decoding=\"async\" src=\"\/web\/wp-content\/uploads\/actividades-empresa-p-16.jpg\" alt=\"Actividades de empresa con Terranatur\"><\/p>\n<\/li>\n<\/ul>\n<p><img decoding=\"async\" src=\"\/web\/wp-content\/uploads\/actividades-empresa-17.jpg\" alt=\"Vamos a la playa\"><\/p>\n<div>\n<h2>EVENTOS DE EMPRESA EN PLENA NATURALEZA<\/h2>\n<div>\n<p>Organizamos para t\u00ed actividades y reuniones l\u00fadicas, formativas, creativas fuera de la oficina. <\/p>\n<p><strong>La naturaleza es el mejor escenario.<br \/><\/strong><\/p>\n<p>Tanto si buscas donde celebrar un encuentro, una jornada, un family day o una actividad puntual para tus compa\u00f1eros de empresa, aqu\u00ed podemos ayudarte. <\/p>\n<p>Nuestra especialidad es integrar ambientes m\u00e1gicos, gastronom\u00eda, din\u00e1micas \u00fatiles para hacer equipo, un toque de aventura y diversi\u00f3n, en un ambiente propicio para la igualdad y la integraci\u00f3n de tu equipo.<\/p>\n<\/div>\n<\/div>\n<div>Preparando<\/div>\n<h2>UN EVENTO IDEAL<\/h2>\n<div>\n<h4><b>\u00bfQUE TAL EN PLENA NATURALEZA?<\/b><\/h4>\n<h4>Elementos para que tu evento sea exitoso y variado.\u00a0<\/h4>\n<p><a href=\"https:\/\/clon.terranatur.es\/web\/docs\/TERRANATUR-catalogo-actividades-eventos.pdf\"><img loading=\"lazy\" decoding=\"async\" src=\"https:\/\/clon.terranatur.es\/web\/wp-content\/uploads\/viajes-eventos-terranatur-300x211.jpg\" alt=\"Viajes y Eventos con Terranatur\" width=\"300\" height=\"211\" class=\"alignnone size-medium wp-image-10243\" srcset=\"https:\/\/clon.terranatur.es\/web\/wp-content\/uploads\/viajes-eventos-terranatur-300x211.jpg 300w, https:\/\/clon.terranatur.es\/web\/wp-content\/uploads\/viajes-eventos-terranatur-768x540.jpg 768w, https:\/\/clon.terranatur.es\/web\/wp-content\/uploads\/viajes-eventos-terranatur-600x422.jpg 600w, https:\/\/clon.terranatur.es\/web\/wp-content\/uploads\/viajes-eventos-terranatur-100x70.jpg 100w, https:\/\/clon.terranatur.es\/web\/wp-content\/uploads\/viajes-eventos-terranatur.jpg 800w\" sizes=\"(max-width: 300px) 100vw, 300px\" \/><\/a><\/p>\n<h4><span class=\"info\"><b><a href=\"https:\/\/clon.terranatur.es\/web\/docs\/TERRANATUR-catalogo-actividades-eventos.pdf\" target=\"_blank\" rel=\"noopener\">DESCARGA UN PDF CON IDEAS CONCRETAS<\/a>.<\/b><\/span><\/h4>\n<p>Como agencia de viajes (CICMA 3161) especializada en eventos y naturaleza, ofrecemos a tu empresa lugares \u00fanicos donde organizar vuestra reuni\u00f3n de trabajo, workshop, o congreso o combinando a tu gusto diversos elementos muy interesantes.\u00a0<\/p>\n<p><strong>PROGRAMA TIPO (Incluye variedad, es una de las claves del \u00e9xito):<\/strong><\/p>\n<ul>\n<li><strong>Recepci\u00f3n en el lugar elegido.<\/strong>\u00a0Es clave d\u00f3nde&#8230;te ayudamos a elegir.\u00a0<\/li>\n<li><strong>Desayuno o Coffe de bienvenida<\/strong>. Hay que empezar con buen pie. En jardines o en sala.\u00a0<\/li>\n<li><strong>Reuni\u00f3n en sala con medios<\/strong>. En un ambiente c\u00f3modo, luminoso y que no fallen los medios. WIFI.\u00a0<\/li>\n<li><strong>Comida<\/strong>. La parte gastron\u00f3mica es fundamental para el \u00e9xito.\u00a0<\/li>\n<li><strong>Actividad l\u00fadica, teambuilding, terapia natural, coaching o relax<\/strong>. Esto distiende, nos acerca, hace equipo. En esta web encontrar\u00e1s ideas concretas.<\/li>\n<li><strong>Cena<\/strong>. &#8220;De la panza nace la danza&#8221;&#8230; \ud83d\ude09 de nuevo es fundamental para rematar bien una jornada.\u00a0<\/li>\n<li><strong>Actividad nocturna<\/strong>. Espect\u00e1culo, velada, copas, paseo bajo las estrellas, ambientaci\u00f3n, juego, concurso, baile, animaci\u00f3n&#8230;\u00a0<\/li>\n<li><strong>Noche en hotel.<\/strong>\u00a0Descansar para rendir&#8230;\u00a0<\/li>\n<\/ul>\n<h3><span class=\"tip\">Nos adapamos a todos los presupuestos. <br \/><\/span><\/h3>\n<h4><strong>NUESTROS CLIENTES: Telef\u00f3nica, Cartier, Everis, Symborg, Gas Natural, Dekra, Equifax, Infinitix, Cartier, Hinojosa &#8230;<\/strong><\/h4>\n<hr id=\"system-readmore\" \/>\n<h4><strong>LUGARES DE REFERENCIA (el marco perfecto):<\/strong><\/h4>\n<ul>\n<li>Sierra de Guadarrama: Navacerrada, Cercedilla, Valle de Rascafr\u00eda, El Escorial.\u00a0<\/li>\n<li>La Pinilla. Centro de Actividades, Hotel, Escenario al aire libre, Restaurante Gourmet, Pista de naturaleza, Estaci\u00f3n invernal.<\/li>\n<li>Para\u00edsos naturales: Las Hurdes, Picos de Europa, Cantabria, Cazorla, El Bierzo, Pirineos&#8230;.<\/li>\n<li>Bodegas-Enoturismo: Cuenca, Ribera del Duero, Rioja.\u00a0<\/li>\n<li>Fincas privadas.\u00a0<\/li>\n<li>Marruecos.\u00a0<\/li>\n<li>D\u00f3nde quieras.Tambi\u00e9n en ciudades y te hacemos disfrutar de sus parques y entorno. Pide.<\/li>\n<\/ul>\n<p><strong>TIPO DE ALOJAMIENTO\/AMBIENTE (dale un toque personal):\u00a0<\/strong><\/p>\n<ul>\n<li>Hotel\/casa Rural.<\/li>\n<li>Hotel de negocios representativo.<\/li>\n<li>Hotel econ\u00f3mico.<\/li>\n<li>Con SPA.<\/li>\n<\/ul>\n<h4><strong>ACTIVIDADES (Uno de los secretos para triunfar)<\/strong><\/h4>\n<ul>\n<li>Excursiones por el monte (a pie, en 4&#215;4, caballo, bicis&#8230;).<\/li>\n<li>Concurso gastron\u00f3mico (Paellas, pinchos&#8230;.)<\/li>\n<li>Catas de vino, ginebras, cervezas, quesos&#8230;<\/li>\n<li>Repoblaci\u00f3n con \u00e1rboles. (RSC o por placer).\u00a0<\/li>\n<li>Multiaventura. (acu\u00e1ticas, tirolinas, motor&#8230;)<\/li>\n<li>Deportes.<\/li>\n<li>Retos, ej: Supervivencia.<\/li>\n<\/ul>\n<h4><strong>TRANSPORTE.<\/strong><\/h4>\n<ul>\n<li>Necesitamos\u00a0<strong>autocar\u00a0<\/strong>o coches de alquiler.\u00a0<\/li>\n<li>Necesitamos gestionar billetes de avi\u00f3n\/tren\/autocar.<\/li>\n<\/ul>\n<h4><strong>COMPLEMENTOS (Piensa en todo).<\/strong><\/h4>\n<ul>\n<li>Administraci\u00f3n del evento por APP.<\/li>\n<li>Taller de coaching.<\/li>\n<li>Documental de v\u00eddeo o fotograf\u00eda profesional incluyendo tomas a\u00e9reas.<\/li>\n<li>Regalos, recuerdos, mechandising&#8230;\u00a0<\/li>\n<li>Espect\u00e1culos.\u00a0<\/li>\n<li>&#8230;<\/li>\n<\/ul>\n<h3>DAME IDEAS, TERRANATUR!!!<\/h3>\n<h4><span class=\"info\">DEFINE TU SOLICITUD <strong>EN TRES MINUTOS<\/strong> CON NUESTRO FORMULARIO:\u00a0<a href=\"https:\/\/goo.gl\/forms\/6vD0m6fBTqGQUtqy2\" target=\"_blank\" rel=\"noopener\"><strong>RECIBE PRESUPUESTO PERSONALIZABLE R\u00c1PIDAMENTE AQU\u00cd<\/strong><\/a>.\u00a0<\/span><\/h4>\n<\/div>\n<blockquote>\n<p>&#8220;La naturaleza saca lo mejor de nosotros mismos&#8221;<\/p>\n<footer>\n<p>                <cite>El equipo Terranatur<\/cite><\/p>\n<\/footer>\n<\/blockquote>\n<div>\n<p>Te esperamos&#8230;<\/p>\n<\/div>\n<p><!--more--><br \/>\n<!-- {\"type\":\"layout\",\"children\":[{\"name\":\"Hero\",\"type\":\"section\",\"props\":{\"height\":\"full\",\"image\":\"wp-content\\\/uploads\\\/teambuilding-terranatur.jpg\",\"image_effect\":\"parallax\",\"image_parallax_bgy\":\"-200,0\",\"image_parallax_breakpoint\":\"m\",\"image_parallax_easing\":\"1\",\"image_position\":\"top-center\",\"image_size\":\"cover\",\"image_width\":\"2560\",\"overlap\":true,\"padding\":\"large\",\"style\":\"default\",\"text_color\":\"light\",\"title_breakpoint\":\"xl\",\"title_position\":\"top-left\",\"title_rotation\":\"left\",\"vertical_align\":\"middle\",\"width\":\"large\"},\"children\":[{\"type\":\"row\",\"children\":[{\"type\":\"column\",\"props\":{\"image_position\":\"center-center\",\"position_sticky_breakpoint\":\"m\",\"width_medium\":\"1-1\"},\"children\":[{\"type\":\"headline\",\"props\":{\"content\":\"offsites &amp; activities\",\"title_color\":\"background\",\"title_element\":\"div\",\"title_style\":\"h3\"}},{\"type\":\"headline\",\"props\":{\"content\":\"\n\n<p>HACIENDO EQUIPO<\\\/p>\",\"margin_remove_top\":true,\"maxwidth\":\"2xlarge\",\"title_element\":\"h1\",\"title_style\":\"heading-xlarge\"}},{\"type\":\"text\",\"props\":{\"column_breakpoint\":\"m\",\"content\":\"\",\"margin\":\"remove-vertical\",\"maxwidth\":\"large\",\"text_color\":\"danger\",\"text_style\":\"lead\"}},{\"type\":\"button\",\"props\":{\"grid_column_gap\":\"small\",\"grid_row_gap\":\"small\",\"margin\":\"default\"},\"children\":[{\"type\":\"button_item\",\"props\":{\"button_style\":\"text\",\"content\":\"Workshops in NATURE\",\"icon_align\":\"left\",\"link\":\"#map\"}}]}]}]}]},{\"type\":\"section\",\"props\":{\"image_position\":\"center-center\",\"style\":\"default\",\"title_breakpoint\":\"xl\",\"title_position\":\"top-left\",\"title_rotation\":\"left\",\"vertical_align\":\"middle\",\"width\":\"default\"},\"children\":[{\"type\":\"row\",\"children\":[{\"type\":\"column\",\"props\":{\"image_position\":\"center-center\",\"position_sticky_breakpoint\":\"m\",\"width_medium\":\"1-1\"},\"children\":[{\"type\":\"slideshow\",\"props\":{\"link_style\":\"default\",\"link_text\":\"Read more\",\"margin\":\"default\",\"meta_align\":\"below-title\",\"meta_element\":\"div\",\"meta_style\":\"text-meta\",\"nav\":\"dotnav\",\"nav_align\":\"center\",\"nav_breakpoint\":\"s\",\"nav_position\":\"bottom-center\",\"nav_position_margin\":\"medium\",\"overlay_animation\":\"parallax\",\"overlay_position\":\"center-left\",\"show_content\":false,\"show_link\":false,\"show_meta\":false,\"show_thumbnail\":false,\"show_title\":false,\"slidenav\":\"default\",\"slidenav_breakpoint\":\"s\",\"slidenav_margin\":\"medium\",\"slidenav_outside_breakpoint\":\"xl\",\"slideshow_animation\":\"fade\",\"slideshow_autoplay\":true,\"slideshow_autoplay_interval\":\"5\",\"slideshow_autoplay_pause\":true,\"slideshow_kenburns\":\"alternate\",\"slideshow_min_height\":300,\"thumbnav_height\":\"75\",\"thumbnav_svg_color\":\"emphasis\",\"thumbnav_width\":\"100\",\"title_element\":\"h3\"},\"children\":[{\"type\":\"slideshow_item\",\"props\":{\"image\":\"wp-content\\\/uploads\\\/actividades-empresa-02.jpg\",\"image_alt\":\"Actividades de empresa con Terranatur\",\"title\":\"Nos vamos de aventura\"}},{\"type\":\"slideshow_item\",\"props\":{\"image\":\"wp-content\\\/uploads\\\/actividades-empresa-13.jpg\",\"image_alt\":\"Actividades de empresa con Terranatur\",\"title\":\"Actividades de empresa con Terranatur\"}},{\"type\":\"slideshow_item\",\"props\":{\"image\":\"wp-content\\\/uploads\\\/actividades-empresa-01.jpg\",\"image_alt\":\"Actividades de empresa con Terranatur\",\"title\":\"\"}},{\"type\":\"slideshow_item\",\"props\":{\"image\":\"wp-content\\\/uploads\\\/cantabria4x4-web-1200-27.jpg\",\"image_alt\":\"Por el Pico Jano en Cantabria\"}},{\"type\":\"slideshow_item\",\"props\":{\"image\":\"wp-content\\\/uploads\\\/actividades-empresa-03.jpg\",\"image_alt\":\"Actividades de empresa con Terranatur\"}},{\"type\":\"slideshow_item\",\"props\":{\"image\":\"wp-content\\\/uploads\\\/actividades-empresa-p-16.jpg\",\"image_alt\":\"Actividades de empresa con Terranatur\"}}]}]}]}]},{\"name\":\"CAJA FOTO + LETRERO SOMBREIMPRESO\",\"type\":\"section\",\"props\":{\"image_position\":\"center-center\",\"overlap\":false,\"padding\":\"none\",\"padding_remove_bottom\":false,\"padding_remove_top\":false,\"style\":\"default\",\"title\":\"Domina tu moto de trail\",\"title_breakpoint\":\"xl\",\"title_position\":\"center-right\",\"title_rotation\":\"left\",\"vertical_align\":\"middle\",\"width\":\"xlarge\"},\"children\":[{\"type\":\"row\",\"props\":{\"column_gap\":\"collapse\",\"layout\":\"1-2,1-2\",\"match\":true,\"row_gap\":\"collapse\"},\"children\":[{\"type\":\"column\",\"props\":{\"image_position\":\"center-center\",\"position_sticky_breakpoint\":\"m\",\"vertical_align\":\"middle\",\"width_medium\":\"1-2\"},\"children\":[{\"type\":\"image\",\"props\":{\"animation\":\"parallax\",\"block_align\":\"right\",\"image\":\"wp-content\\\/uploads\\\/actividades-empresa-17.jpg\",\"image_alt\":\"Vamos a la playa\",\"image_box_decoration\":\"default\",\"image_svg_color\":\"emphasis\",\"image_width\":\"600\",\"margin\":\"default\",\"maxwidth\":\"xlarge\",\"parallax_breakpoint\":\"m\",\"parallax_easing\":\"1\",\"parallax_y\":\"-100,-240\",\"text_align\":\"right\",\"visibility\":\"m\"}}]},{\"type\":\"column\",\"props\":{\"image_position\":\"center-center\",\"position_sticky_breakpoint\":\"m\",\"width_medium\":\"1-2\"},\"children\":[{\"type\":\"panel\",\"props\":{\"animation\":\"parallax\",\"content\":\"\n\n<p>Organizamos para t\\u00ed actividades y reuniones l\\u00fadicas, formativas, creativas fuera de la oficina. <\\\/p>\\n\n\n<p><strong>La naturaleza es el mejor escenario.<br \\\/><\\\/strong><\\\/p>\\n\n\n<p>Tanto si buscas donde celebrar un encuentro, una jornada, un family day o una actividad puntual para tus compa\\u00f1eros de empresa, aqu\\u00ed podemos ayudarte. <\\\/p>\\n\n\n<p>Nuestra especialidad es integrar ambientes m\\u00e1gicos, gastronom\\u00eda, din\\u00e1micas \\u00fatiles para hacer equipo, un toque de aventura y diversi\\u00f3n, en un ambiente propicio para la igualdad y la integraci\\u00f3n de tu equipo.<\\\/p>\",\"content_column_breakpoint\":\"m\",\"css\":\"@media (max-width: 959px) {\\n    .el-element { position: static !important; }\\n}\",\"icon_width\":80,\"image_align\":\"top\",\"image_grid_breakpoint\":\"m\",\"image_grid_width\":\"1-2\",\"image_svg_color\":\"emphasis\",\"link_style\":\"default\",\"link_text\":\"Read more\",\"margin\":\"\",\"maxwidth\":\"xlarge\",\"maxwidth_breakpoint\":\"l\",\"meta_align\":\"below-title\",\"meta_element\":\"div\",\"meta_style\":\"text-meta\",\"panel_padding\":\"large\",\"panel_style\":\"card-default\",\"parallax_breakpoint\":\"m\",\"parallax_easing\":\"1\",\"parallax_y\":\"-200,0\",\"position\":\"relative\",\"position_left\":\"-50\",\"text_align\":\"left\",\"title\":\"EVENTOS DE EMPRESA EN PLENA NATURALEZA\",\"title_align\":\"top\",\"title_element\":\"h2\",\"title_grid_breakpoint\":\"m\",\"title_grid_width\":\"1-2\",\"title_hover_style\":\"reset\",\"title_style\":\"h1\"}}]}]}]},{\"name\":\"Highlights\",\"type\":\"section\",\"props\":{\"image_position\":\"center-center\",\"padding\":\"large\",\"padding_remove_bottom\":false,\"padding_remove_top\":false,\"style\":\"default\",\"title\":\"Rutas & aventura\",\"title_breakpoint\":\"xl\",\"title_position\":\"center-left\",\"title_rotation\":\"left\",\"vertical_align\":\"middle\",\"width\":\"xlarge\",\"width_expand\":\"right\"},\"children\":[{\"type\":\"row\",\"props\":{\"column_gap\":\"large\",\"row_gap\":\"large\"},\"children\":[{\"type\":\"column\",\"props\":{\"image_position\":\"center-center\",\"position_sticky_breakpoint\":\"m\",\"vertical_align\":\"middle\",\"width_large\":\"1-1\"},\"children\":[{\"type\":\"headline\",\"props\":{\"animation\":\"parallax\",\"block_align\":\"center\",\"content\":\"Preparando\",\"maxwidth\":\"xlarge\",\"maxwidth_breakpoint\":\"l\",\"parallax_breakpoint\":\"m\",\"parallax_easing\":\"1\",\"parallax_y\":\"50,-150\",\"title_color\":\"primary\",\"title_element\":\"div\",\"title_style\":\"h4\"}},{\"type\":\"headline\",\"props\":{\"animation\":\"parallax\",\"block_align\":\"center\",\"content\":\"UN EVENTO IDEAL\",\"margin_remove_top\":true,\"maxwidth\":\"xlarge\",\"maxwidth_breakpoint\":\"l\",\"parallax_breakpoint\":\"m\",\"parallax_easing\":\"1\",\"parallax_y\":\"50,-150\",\"title_element\":\"h2\",\"title_style\":\"heading-large\"}},{\"type\":\"text\",\"props\":{\"animation\":\"parallax\",\"block_align\":\"center\",\"column_breakpoint\":\"m\",\"content\":\"\n\n<h4><b>\\u00bfQUE TAL EN PLENA NATURALEZA?<\\\/b><\\\/h4>\\n\n\n<h4>Elementos para que tu evento sea exitoso y variado.\\u00a0<\\\/h4>\\n\n\n<p><a href=\\\"https:\\\/\\\/terranatur.es\\\/web\\\/docs\\\/TERRANATUR-catalogo-actividades-eventos.pdf\\\"><img src=\\\"https:\\\/\\\/terranatur.es\\\/web\\\/wp-content\\\/uploads\\\/viajes-eventos-terranatur-300x211.jpg\\\" alt=\\\"Viajes y Eventos con Terranatur\\\" width=\\\"300\\\" height=\\\"211\\\" class=\\\"alignnone size-medium wp-image-10243\\\" \\\/><\\\/a><\\\/p>\\n\n\n<h4><span class=\\\"info\\\"><b><a href=\\\"https:\\\/\\\/terranatur.es\\\/web\\\/docs\\\/TERRANATUR-catalogo-actividades-eventos.pdf\\\" target=\\\"_blank\\\" rel=\\\"noopener\\\">DESCARGA UN PDF CON IDEAS CONCRETAS<\\\/a>.<\\\/b><\\\/span><\\\/h4>\\n\n\n<p>Como agencia de viajes (CICMA 3161) especializada en eventos y naturaleza, ofrecemos a tu empresa lugares \\u00fanicos donde organizar vuestra reuni\\u00f3n de trabajo, workshop, o congreso o combinando a tu gusto diversos elementos muy interesantes.\\u00a0<br \\\/><br \\\/><strong>PROGRAMA TIPO (Incluye variedad, es una de las claves del \\u00e9xito):<\\\/strong><\\\/p>\\n\n\n<ul>\\n\n\n<li><strong>Recepci\\u00f3n en el lugar elegido.<\\\/strong>\\u00a0Es clave d\\u00f3nde...te ayudamos a elegir.\\u00a0<\\\/li>\\n\n\n<li><strong>Desayuno o Coffe de bienvenida<\\\/strong>. Hay que empezar con buen pie. En jardines o en sala.\\u00a0<\\\/li>\\n\n\n<li><strong>Reuni\\u00f3n en sala con medios<\\\/strong>. En un ambiente c\\u00f3modo, luminoso y que no fallen los medios. WIFI.\\u00a0<\\\/li>\\n\n\n<li><strong>Comida<\\\/strong>. La parte gastron\\u00f3mica es fundamental para el \\u00e9xito.\\u00a0<\\\/li>\\n\n\n<li><strong>Actividad l\\u00fadica, teambuilding, terapia natural, coaching o relax<\\\/strong>. Esto distiende, nos acerca, hace equipo. En esta web encontrar\\u00e1s ideas concretas.<\\\/li>\\n\n\n<li><strong>Cena<\\\/strong>. \\\"De la panza nace la danza\\\"... \ud83d\ude09 de nuevo es fundamental para rematar bien una jornada.\\u00a0<\\\/li>\\n\n\n<li><strong>Actividad nocturna<\\\/strong>. Espect\\u00e1culo, velada, copas, paseo bajo las estrellas, ambientaci\\u00f3n, juego, concurso, baile, animaci\\u00f3n...\\u00a0<\\\/li>\\n\n\n<li><strong>Noche en hotel.<\\\/strong>\\u00a0Descansar para rendir...\\u00a0<\\\/li>\\n<\\\/ul>\\n\n\n<h3><span class=\\\"tip\\\">Nos adapamos a todos los presupuestos. <br \\\/><\\\/span><\\\/h3>\\n\n\n<h4><strong>NUESTROS CLIENTES: Telef\\u00f3nica, Cartier, Everis, Symborg, Gas Natural, Dekra, Equifax, Infinitix, Cartier, Hinojosa ...<\\\/strong><\\\/h4>\\n\n\n<hr id=\\\"system-readmore\\\" \\\/>\\n\n\n<h4><strong>LUGARES DE REFERENCIA (el marco perfecto):<\\\/strong><\\\/h4>\\n\n\n<ul>\\n\n\n<li>Sierra de Guadarrama: Navacerrada, Cercedilla, Valle de Rascafr\\u00eda, El Escorial.\\u00a0<\\\/li>\\n\n\n<li>La Pinilla. Centro de Actividades, Hotel, Escenario al aire libre, Restaurante Gourmet, Pista de naturaleza, Estaci\\u00f3n invernal.<\\\/li>\\n\n\n<li>Para\\u00edsos naturales: Las Hurdes, Picos de Europa, Cantabria, Cazorla, El Bierzo, Pirineos....<\\\/li>\\n\n\n<li>Bodegas-Enoturismo: Cuenca, Ribera del Duero, Rioja.\\u00a0<\\\/li>\\n\n\n<li>Fincas privadas.\\u00a0<\\\/li>\\n\n\n<li>Marruecos.\\u00a0<\\\/li>\\n\n\n<li>D\\u00f3nde quieras.Tambi\\u00e9n en ciudades y te hacemos disfrutar de sus parques y entorno. Pide.<\\\/li>\\n<\\\/ul>\\n\n\n<p><strong>TIPO DE ALOJAMIENTO\\\/AMBIENTE (dale un toque personal):\\u00a0<\\\/strong><\\\/p>\\n\n\n<ul>\\n\n\n<li>Hotel\\\/casa Rural.<\\\/li>\\n\n\n<li>Hotel de negocios representativo.<\\\/li>\\n\n\n<li>Hotel econ\\u00f3mico.<\\\/li>\\n\n\n<li>Con SPA.<\\\/li>\\n<\\\/ul>\\n\n\n<h4><strong>ACTIVIDADES (Uno de los secretos para triunfar)<\\\/strong><\\\/h4>\\n\n\n<ul>\\n\n\n<li>Excursiones por el monte (a pie, en 4x4, caballo, bicis...).<\\\/li>\\n\n\n<li>Concurso gastron\\u00f3mico (Paellas, pinchos....)<\\\/li>\\n\n\n<li>Catas de vino, ginebras, cervezas, quesos...<\\\/li>\\n\n\n<li>Repoblaci\\u00f3n con \\u00e1rboles. (RSC o por placer).\\u00a0<\\\/li>\\n\n\n<li>Multiaventura. (acu\\u00e1ticas, tirolinas, motor...)<\\\/li>\\n\n\n<li>Deportes.<\\\/li>\\n\n\n<li>Retos, ej: Supervivencia.<\\\/li>\\n<\\\/ul>\\n\n\n<h4><strong>TRANSPORTE.<\\\/strong><\\\/h4>\\n\n\n<ul>\\n\n\n<li>Necesitamos\\u00a0<strong>autocar\\u00a0<\\\/strong>o coches de alquiler.\\u00a0<\\\/li>\\n\n\n<li>Necesitamos gestionar billetes de avi\\u00f3n\\\/tren\\\/autocar.<\\\/li>\\n<\\\/ul>\\n\n\n<h4><strong>COMPLEMENTOS (Piensa en todo).<\\\/strong><\\\/h4>\\n\n\n<ul>\\n\n\n<li>Administraci\\u00f3n del evento por APP.<\\\/li>\\n\n\n<li>Taller de coaching.<\\\/li>\\n\n\n<li>Documental de v\\u00eddeo o fotograf\\u00eda profesional incluyendo tomas a\\u00e9reas.<\\\/li>\\n\n\n<li>Regalos, recuerdos, mechandising...\\u00a0<\\\/li>\\n\n\n<li>Espect\\u00e1culos.\\u00a0<\\\/li>\\n\n\n<li>...<\\\/li>\\n<\\\/ul>\\n\n\n<h3>DAME IDEAS, TERRANATUR!!!<\\\/h3>\\n\n\n<h4><span class=\\\"info\\\">DEFINE TU SOLICITUD <strong>EN TRES MINUTOS<\\\/strong> CON NUESTRO FORMULARIO:\\u00a0<a href=\\\"https:\\\/\\\/goo.gl\\\/forms\\\/6vD0m6fBTqGQUtqy2\\\" target=\\\"_blank\\\" rel=\\\"noopener\\\"><strong>RECIBE PRESUPUESTO PERSONALIZABLE R\\u00c1PIDAMENTE AQU\\u00cd<\\\/strong><\\\/a>.\\u00a0<\\\/span><\\\/h4>\",\"margin\":\"medium\",\"maxwidth\":\"xlarge\",\"maxwidth_breakpoint\":\"l\",\"parallax_breakpoint\":\"m\",\"parallax_easing\":\"1\",\"parallax_y\":\"50,-150\"}},{\"type\":\"quotation\",\"props\":{\"animation\":\"parallax\",\"author\":\"El equipo Terranatur\",\"block_align\":\"center\",\"content\":\"\n\n<p>\\\"La naturaleza saca lo mejor de nosotros mismos\\\"<\\\/p>\",\"maxwidth\":\"xlarge\",\"maxwidth_breakpoint\":\"l\",\"parallax_breakpoint\":\"m\",\"parallax_easing\":\"1\",\"parallax_y\":\"50,-150\"}}]}]}]},{\"name\":\"Hero\",\"type\":\"section\",\"props\":{\"height\":\"full\",\"image\":\"wp-content\\\/uploads\\\/colaboramos-juntos2.jpg\",\"image_effect\":\"parallax\",\"image_parallax_bgy\":\"-200,0\",\"image_parallax_breakpoint\":\"m\",\"image_parallax_easing\":\"1\",\"image_position\":\"top-center\",\"image_size\":\"contain\",\"image_width\":\"2550\",\"overlap\":true,\"padding\":\"large\",\"style\":\"default\",\"title_breakpoint\":\"xl\",\"title_position\":\"top-left\",\"title_rotation\":\"left\",\"vertical_align\":\"middle\",\"width\":\"xsmall\"},\"children\":[{\"type\":\"row\",\"children\":[{\"type\":\"column\",\"props\":{\"image_position\":\"center-center\",\"position_sticky_breakpoint\":\"m\",\"width_medium\":\"1-1\"},\"children\":[{\"type\":\"text\",\"props\":{\"column_breakpoint\":\"m\",\"content\":\"\n\n<p>Te esperamos...<\\\/p>\",\"margin\":\"remove-vertical\",\"maxwidth\":\"large\",\"text_color\":\"danger\",\"text_style\":\"lead\"}}]}]}]}],\"version\":\"4.0.10\"} --><\/p>\n","protected":false},"excerpt":{"rendered":"<p>offsites &amp; activities HACIENDO EQUIPO Workshops in NATURE Nos vamos de aventura Actividades de empresa con Terranatur EVENTOS DE EMPRESA EN PLENA NATURALEZA Organizamos para t\u00ed actividades y reuniones l\u00fadicas, formativas, creativas fuera de la oficina. La naturaleza es el mejor escenario. Tanto si buscas donde celebrar un encuentro, una jornada, un family day o [&hellip;]<\/p>\n","protected":false},"author":1,"featured_media":0,"parent":0,"menu_order":4,"comment_status":"closed","ping_status":"closed","template":"","meta":{"footnotes":""},"class_list":["post-2227","page","type-page","status-publish","hentry"],"_links":{"self":[{"href":"https:\/\/clon.terranatur.es\/web\/wp-json\/wp\/v2\/pages\/2227","targetHints":{"allow":["GET"]}}],"collection":[{"href":"https:\/\/clon.terranatur.es\/web\/wp-json\/wp\/v2\/pages"}],"about":[{"href":"https:\/\/clon.terranatur.es\/web\/wp-json\/wp\/v2\/types\/page"}],"author":[{"embeddable":true,"href":"https:\/\/clon.terranatur.es\/web\/wp-json\/wp\/v2\/users\/1"}],"replies":[{"embeddable":true,"href":"https:\/\/clon.terranatur.es\/web\/wp-json\/wp\/v2\/comments?post=2227"}],"version-history":[{"count":0,"href":"https:\/\/clon.terranatur.es\/web\/wp-json\/wp\/v2\/pages\/2227\/revisions"}],"wp:attachment":[{"href":"https:\/\/clon.terranatur.es\/web\/wp-json\/wp\/v2\/media?parent=2227"}],"curies":[{"name":"wp","href":"https:\/\/api.w.org\/{rel}","templated":true}]}}